{"id":2803,"date":"2016-12-14T08:56:14","date_gmt":"2016-12-14T13:56:14","guid":{"rendered":"http:\/\/dev.absoludev.ca\/cooptel\/?page_id=2803\/"},"modified":"2016-12-15T10:35:53","modified_gmt":"2016-12-15T15:35:53","slug":"internet","status":"publish","type":"page","link":"https:\/\/www.cooptel.ca\/en\/residential\/internet\/","title":{"rendered":"Internet"},"content":{"rendered":"","protected":false},"excerpt":{"rendered":"","protected":false},"author":20,"featured_media":0,"parent":2799,"menu_order":154,"comment_status":"closed","ping_status":"closed","template":"templates\/contenu-flexible.php","meta":{"_acf_changed":false,"footnotes":""},"class_list":["post-2803","page","type-page","status-publish","hentry"],"acf":[],"yoast_head":"<!-- This site is optimized with the Yoast SEO Premium plugin v24.6 (Yoast SEO v24.6) - https:\/\/yoast.com\/wordpress\/plugins\/seo\/ -->\n<title>Internet R\u00e9sidentiel - CoopTel<\/title>\n<meta name=\"description\" content=\"Gr\u00e2ce aux nombreux plans Internet de CoopTel, choisissez le service qui vous convient et r\u00e9alisez des \u00e9conomies!\" \/>\n<meta name=\"robots\" content=\"index, follow, max-snippet:-1, max-image-preview:large, max-video-preview:-1\" \/>\n<link rel=\"canonical\" href=\"https:\/\/www.cooptel.ca\/en\/residential\/internet\/\" \/>\n<meta property=\"og:locale\" content=\"en_US\" \/>\n<meta property=\"og:type\" content=\"article\" \/>\n<meta property=\"og:title\" content=\"Internet\" \/>\n<meta property=\"og:description\" content=\"Gr\u00e2ce aux nombreux plans Internet de CoopTel, choisissez le service qui vous convient et r\u00e9alisez des \u00e9conomies!\" \/>\n<meta property=\"og:url\" content=\"https:\/\/www.cooptel.ca\/en\/residential\/internet\/\" \/>\n<meta property=\"og:site_name\" content=\"Cooptel\" \/>\n<meta property=\"article:modified_time\" content=\"2016-12-15T15:35:53+00:00\" \/>\n<meta name=\"twitter:card\" content=\"summary_large_image\" \/>\n<script type=\"application\/ld+json\" class=\"yoast-schema-graph\">{\"@context\":\"https:\/\/schema.org\",\"@graph\":[{\"@type\":\"WebPage\",\"@id\":\"https:\/\/www.cooptel.ca\/en\/residential\/internet\/\",\"url\":\"https:\/\/www.cooptel.ca\/en\/residential\/internet\/\",\"name\":\"Internet R\u00e9sidentiel - CoopTel\",\"isPartOf\":{\"@id\":\"https:\/\/www.cooptel.ca\/#website\"},\"datePublished\":\"2016-12-14T13:56:14+00:00\",\"dateModified\":\"2016-12-15T15:35:53+00:00\",\"description\":\"Gr\u00e2ce aux nombreux plans Internet de CoopTel, choisissez le service qui vous convient et r\u00e9alisez des \u00e9conomies!\",\"breadcrumb\":{\"@id\":\"https:\/\/www.cooptel.ca\/en\/residential\/internet\/#breadcrumb\"},\"inLanguage\":\"en-US\",\"potentialAction\":[{\"@type\":\"ReadAction\",\"target\":[\"https:\/\/www.cooptel.ca\/en\/residential\/internet\/\"]}]},{\"@type\":\"BreadcrumbList\",\"@id\":\"https:\/\/www.cooptel.ca\/en\/residential\/internet\/#breadcrumb\",\"itemListElement\":[{\"@type\":\"ListItem\",\"position\":1,\"name\":\"Home\",\"item\":\"https:\/\/www.cooptel.ca\/en\/\"},{\"@type\":\"ListItem\",\"position\":2,\"name\":\"Residential\",\"item\":\"https:\/\/www.cooptel.ca\/en\/\"},{\"@type\":\"ListItem\",\"position\":3,\"name\":\"Internet\"}]},{\"@type\":\"WebSite\",\"@id\":\"https:\/\/www.cooptel.ca\/#website\",\"url\":\"https:\/\/www.cooptel.ca\/\",\"name\":\"Cooptel\",\"description\":\"Un site utilisant WordPress\",\"potentialAction\":[{\"@type\":\"SearchAction\",\"target\":{\"@type\":\"EntryPoint\",\"urlTemplate\":\"https:\/\/www.cooptel.ca\/?s={search_term_string}\"},\"query-input\":{\"@type\":\"PropertyValueSpecification\",\"valueRequired\":true,\"valueName\":\"search_term_string\"}}],\"inLanguage\":\"en-US\"}]}<\/script>\n<!-- \/ Yoast SEO Premium plugin. -->","yoast_head_json":{"title":"Internet R\u00e9sidentiel - CoopTel","description":"Gr\u00e2ce aux nombreux plans Internet de CoopTel, choisissez le service qui vous convient et r\u00e9alisez des \u00e9conomies!","robots":{"index":"index","follow":"follow","max-snippet":"max-snippet:-1","max-image-preview":"max-image-preview:large","max-video-preview":"max-video-preview:-1"},"canonical":"https:\/\/www.cooptel.ca\/en\/residential\/internet\/","og_locale":"en_US","og_type":"article","og_title":"Internet","og_description":"Gr\u00e2ce aux nombreux plans Internet de CoopTel, choisissez le service qui vous convient et r\u00e9alisez des \u00e9conomies!","og_url":"https:\/\/www.cooptel.ca\/en\/residential\/internet\/","og_site_name":"Cooptel","article_modified_time":"2016-12-15T15:35:53+00:00","twitter_card":"summary_large_image","schema":{"@context":"https:\/\/schema.org","@graph":[{"@type":"WebPage","@id":"https:\/\/www.cooptel.ca\/en\/residential\/internet\/","url":"https:\/\/www.cooptel.ca\/en\/residential\/internet\/","name":"Internet R\u00e9sidentiel - CoopTel","isPartOf":{"@id":"https:\/\/www.cooptel.ca\/#website"},"datePublished":"2016-12-14T13:56:14+00:00","dateModified":"2016-12-15T15:35:53+00:00","description":"Gr\u00e2ce aux nombreux plans Internet de CoopTel, choisissez le service qui vous convient et r\u00e9alisez des \u00e9conomies!","breadcrumb":{"@id":"https:\/\/www.cooptel.ca\/en\/residential\/internet\/#breadcrumb"},"inLanguage":"en-US","potentialAction":[{"@type":"ReadAction","target":["https:\/\/www.cooptel.ca\/en\/residential\/internet\/"]}]},{"@type":"BreadcrumbList","@id":"https:\/\/www.cooptel.ca\/en\/residential\/internet\/#breadcrumb","itemListElement":[{"@type":"ListItem","position":1,"name":"Home","item":"https:\/\/www.cooptel.ca\/en\/"},{"@type":"ListItem","position":2,"name":"Residential","item":"https:\/\/www.cooptel.ca\/en\/"},{"@type":"ListItem","position":3,"name":"Internet"}]},{"@type":"WebSite","@id":"https:\/\/www.cooptel.ca\/#website","url":"https:\/\/www.cooptel.ca\/","name":"Cooptel","description":"Un site utilisant WordPress","potentialAction":[{"@type":"SearchAction","target":{"@type":"EntryPoint","urlTemplate":"https:\/\/www.cooptel.ca\/?s={search_term_string}"},"query-input":{"@type":"PropertyValueSpecification","valueRequired":true,"valueName":"search_term_string"}}],"inLanguage":"en-US"}]}},"_links":{"self":[{"href":"https:\/\/www.cooptel.ca\/en\/wp-json\/wp\/v2\/pages\/2803","targetHints":{"allow":["GET"]}}],"collection":[{"href":"https:\/\/www.cooptel.ca\/en\/wp-json\/wp\/v2\/pages"}],"about":[{"href":"https:\/\/www.cooptel.ca\/en\/wp-json\/wp\/v2\/types\/page"}],"author":[{"embeddable":true,"href":"https:\/\/www.cooptel.ca\/en\/wp-json\/wp\/v2\/users\/20"}],"replies":[{"embeddable":true,"href":"https:\/\/www.cooptel.ca\/en\/wp-json\/wp\/v2\/comments?post=2803"}],"version-history":[{"count":3,"href":"https:\/\/www.cooptel.ca\/en\/wp-json\/wp\/v2\/pages\/2803\/revisions"}],"predecessor-version":[{"id":2981,"href":"https:\/\/www.cooptel.ca\/en\/wp-json\/wp\/v2\/pages\/2803\/revisions\/2981"}],"up":[{"embeddable":true,"href":"https:\/\/www.cooptel.ca\/en\/wp-json\/wp\/v2\/pages\/2799"}],"wp:attachment":[{"href":"https:\/\/www.cooptel.ca\/en\/wp-json\/wp\/v2\/media?parent=2803"}],"curies":[{"name":"wp","href":"https:\/\/api.w.org\/{rel}","templated":true}]}}