{"id":2926,"date":"2016-12-14T10:41:04","date_gmt":"2016-12-14T15:41:04","guid":{"rendered":"http:\/\/dev.absoludev.ca\/cooptel\/?page_id=2926\/"},"modified":"2022-07-04T14:01:33","modified_gmt":"2022-07-04T18:01:33","slug":"options","status":"publish","type":"page","link":"https:\/\/www.cooptel.ca\/en\/residential\/television-packages\/options\/","title":{"rendered":"Options"},"content":{"rendered":"","protected":false},"excerpt":{"rendered":"","protected":false},"author":20,"featured_media":0,"parent":2923,"menu_order":187,"comment_status":"closed","ping_status":"closed","template":"templates\/contenu-flexible.php","meta":{"_acf_changed":false,"footnotes":""},"class_list":["post-2926","page","type-page","status-publish","hentry"],"acf":[],"yoast_head":"<!-- This site is optimized with the Yoast SEO Premium plugin v24.6 (Yoast SEO v24.6) - https:\/\/yoast.com\/wordpress\/plugins\/seo\/ -->\n<title>Options t\u00e9l\u00e9vision r\u00e9sidentiel \u2013 CoopTel<\/title>\n<meta name=\"robots\" content=\"index, follow, max-snippet:-1, max-image-preview:large, max-video-preview:-1\" \/>\n<link rel=\"canonical\" href=\"https:\/\/www.cooptel.ca\/en\/residential\/television-packages\/options\/\" \/>\n<meta property=\"og:locale\" content=\"en_US\" \/>\n<meta property=\"og:type\" content=\"article\" \/>\n<meta property=\"og:title\" content=\"Options\" \/>\n<meta property=\"og:url\" content=\"https:\/\/www.cooptel.ca\/en\/residential\/television-packages\/options\/\" \/>\n<meta property=\"og:site_name\" content=\"Cooptel\" \/>\n<meta property=\"article:modified_time\" content=\"2022-07-04T18:01:33+00:00\" \/>\n<meta name=\"twitter:card\" content=\"summary_large_image\" \/>\n<script type=\"application\/ld+json\" class=\"yoast-schema-graph\">{\"@context\":\"https:\/\/schema.org\",\"@graph\":[{\"@type\":\"WebPage\",\"@id\":\"https:\/\/www.cooptel.ca\/en\/residential\/television-packages\/options\/\",\"url\":\"https:\/\/www.cooptel.ca\/en\/residential\/television-packages\/options\/\",\"name\":\"Options t\u00e9l\u00e9vision r\u00e9sidentiel \u2013 CoopTel\",\"isPartOf\":{\"@id\":\"https:\/\/www.cooptel.ca\/#website\"},\"datePublished\":\"2016-12-14T15:41:04+00:00\",\"dateModified\":\"2022-07-04T18:01:33+00:00\",\"breadcrumb\":{\"@id\":\"https:\/\/www.cooptel.ca\/en\/residential\/television-packages\/options\/#breadcrumb\"},\"inLanguage\":\"en-US\",\"potentialAction\":[{\"@type\":\"ReadAction\",\"target\":[\"https:\/\/www.cooptel.ca\/en\/residential\/television-packages\/options\/\"]}]},{\"@type\":\"BreadcrumbList\",\"@id\":\"https:\/\/www.cooptel.ca\/en\/residential\/television-packages\/options\/#breadcrumb\",\"itemListElement\":[{\"@type\":\"ListItem\",\"position\":1,\"name\":\"Home\",\"item\":\"https:\/\/www.cooptel.ca\/en\/\"},{\"@type\":\"ListItem\",\"position\":2,\"name\":\"Residential\",\"item\":\"https:\/\/www.cooptel.ca\/en\/\"},{\"@type\":\"ListItem\",\"position\":3,\"name\":\"Packages\",\"item\":\"https:\/\/www.cooptel.ca\/en\/residential\/television-packages\/\"},{\"@type\":\"ListItem\",\"position\":4,\"name\":\"Options\"}]},{\"@type\":\"WebSite\",\"@id\":\"https:\/\/www.cooptel.ca\/#website\",\"url\":\"https:\/\/www.cooptel.ca\/\",\"name\":\"Cooptel\",\"description\":\"Un site utilisant WordPress\",\"potentialAction\":[{\"@type\":\"SearchAction\",\"target\":{\"@type\":\"EntryPoint\",\"urlTemplate\":\"https:\/\/www.cooptel.ca\/?s={search_term_string}\"},\"query-input\":{\"@type\":\"PropertyValueSpecification\",\"valueRequired\":true,\"valueName\":\"search_term_string\"}}],\"inLanguage\":\"en-US\"}]}<\/script>\n<!-- \/ Yoast SEO Premium plugin. -->","yoast_head_json":{"title":"Options t\u00e9l\u00e9vision r\u00e9sidentiel \u2013 CoopTel","robots":{"index":"index","follow":"follow","max-snippet":"max-snippet:-1","max-image-preview":"max-image-preview:large","max-video-preview":"max-video-preview:-1"},"canonical":"https:\/\/www.cooptel.ca\/en\/residential\/television-packages\/options\/","og_locale":"en_US","og_type":"article","og_title":"Options","og_url":"https:\/\/www.cooptel.ca\/en\/residential\/television-packages\/options\/","og_site_name":"Cooptel","article_modified_time":"2022-07-04T18:01:33+00:00","twitter_card":"summary_large_image","schema":{"@context":"https:\/\/schema.org","@graph":[{"@type":"WebPage","@id":"https:\/\/www.cooptel.ca\/en\/residential\/television-packages\/options\/","url":"https:\/\/www.cooptel.ca\/en\/residential\/television-packages\/options\/","name":"Options t\u00e9l\u00e9vision r\u00e9sidentiel \u2013 CoopTel","isPartOf":{"@id":"https:\/\/www.cooptel.ca\/#website"},"datePublished":"2016-12-14T15:41:04+00:00","dateModified":"2022-07-04T18:01:33+00:00","breadcrumb":{"@id":"https:\/\/www.cooptel.ca\/en\/residential\/television-packages\/options\/#breadcrumb"},"inLanguage":"en-US","potentialAction":[{"@type":"ReadAction","target":["https:\/\/www.cooptel.ca\/en\/residential\/television-packages\/options\/"]}]},{"@type":"BreadcrumbList","@id":"https:\/\/www.cooptel.ca\/en\/residential\/television-packages\/options\/#breadcrumb","itemListElement":[{"@type":"ListItem","position":1,"name":"Home","item":"https:\/\/www.cooptel.ca\/en\/"},{"@type":"ListItem","position":2,"name":"Residential","item":"https:\/\/www.cooptel.ca\/en\/"},{"@type":"ListItem","position":3,"name":"Packages","item":"https:\/\/www.cooptel.ca\/en\/residential\/television-packages\/"},{"@type":"ListItem","position":4,"name":"Options"}]},{"@type":"WebSite","@id":"https:\/\/www.cooptel.ca\/#website","url":"https:\/\/www.cooptel.ca\/","name":"Cooptel","description":"Un site utilisant WordPress","potentialAction":[{"@type":"SearchAction","target":{"@type":"EntryPoint","urlTemplate":"https:\/\/www.cooptel.ca\/?s={search_term_string}"},"query-input":{"@type":"PropertyValueSpecification","valueRequired":true,"valueName":"search_term_string"}}],"inLanguage":"en-US"}]}},"_links":{"self":[{"href":"https:\/\/www.cooptel.ca\/en\/wp-json\/wp\/v2\/pages\/2926","targetHints":{"allow":["GET"]}}],"collection":[{"href":"https:\/\/www.cooptel.ca\/en\/wp-json\/wp\/v2\/pages"}],"about":[{"href":"https:\/\/www.cooptel.ca\/en\/wp-json\/wp\/v2\/types\/page"}],"author":[{"embeddable":true,"href":"https:\/\/www.cooptel.ca\/en\/wp-json\/wp\/v2\/users\/20"}],"replies":[{"embeddable":true,"href":"https:\/\/www.cooptel.ca\/en\/wp-json\/wp\/v2\/comments?post=2926"}],"version-history":[{"count":7,"href":"https:\/\/www.cooptel.ca\/en\/wp-json\/wp\/v2\/pages\/2926\/revisions"}],"predecessor-version":[{"id":32232,"href":"https:\/\/www.cooptel.ca\/en\/wp-json\/wp\/v2\/pages\/2926\/revisions\/32232"}],"up":[{"embeddable":true,"href":"https:\/\/www.cooptel.ca\/en\/wp-json\/wp\/v2\/pages\/2923"}],"wp:attachment":[{"href":"https:\/\/www.cooptel.ca\/en\/wp-json\/wp\/v2\/media?parent=2926"}],"curies":[{"name":"wp","href":"https:\/\/api.w.org\/{rel}","templated":true}]}}